{"id":3906,"date":"2024-09-06T09:30:52","date_gmt":"2024-09-06T14:30:52","guid":{"rendered":"https:\/\/ingenews.com.co\/?page_id=3906"},"modified":"2024-12-20T11:15:42","modified_gmt":"2024-12-20T16:15:42","slug":"juego-futbol","status":"publish","type":"page","link":"https:\/\/www.ingenews.com.co\/en\/juego-futbol\/","title":{"rendered":"Futbol game"},"content":{"rendered":"<div data-elementor-type=\"wp-page\" data-elementor-id=\"3906\" class=\"elementor elementor-3906\" data-elementor-post-type=\"page\">\n\t\t\t\t<div class=\"elementor-element elementor-element-4999842 e-flex e-con-boxed e-con e-parent\" data-id=\"4999842\" data-element_type=\"container\" data-e-type=\"container\">\n\t\t\t\t\t<div class=\"e-con-inner\">\n\t\t\t\t<div class=\"elementor-element elementor-element-029f3ae elementor-widget elementor-widget-image\" data-id=\"029f3ae\" data-element_type=\"widget\" data-e-type=\"widget\" data-widget_type=\"image.default\">\n\t\t\t\t<div class=\"elementor-widget-container\">\n\t\t\t\t\t\t\t\t\t\t\t\t\t\t\t<img fetchpriority=\"high\" decoding=\"async\" width=\"640\" height=\"415\" src=\"https:\/\/www.ingenews.com.co\/wp-content\/uploads\/2024\/09\/Mockups-sitio-web-28-1-e1726493264567-1024x664.jpg\" class=\"attachment-large size-large wp-image-4041\" alt=\"\" srcset=\"https:\/\/www.ingenews.com.co\/wp-content\/uploads\/2024\/09\/Mockups-sitio-web-28-1-e1726493264567-1024x664.jpg 1024w, https:\/\/www.ingenews.com.co\/wp-content\/uploads\/2024\/09\/Mockups-sitio-web-28-1-e1726493264567-300x194.jpg 300w, https:\/\/www.ingenews.com.co\/wp-content\/uploads\/2024\/09\/Mockups-sitio-web-28-1-e1726493264567-768x498.jpg 768w, https:\/\/www.ingenews.com.co\/wp-content\/uploads\/2024\/09\/Mockups-sitio-web-28-1-e1726493264567-18x12.jpg 18w, https:\/\/www.ingenews.com.co\/wp-content\/uploads\/2024\/09\/Mockups-sitio-web-28-1-e1726493264567.jpg 1034w\" sizes=\"(max-width: 640px) 100vw, 640px\" \/>\t\t\t\t\t\t\t\t\t\t\t\t\t\t\t<\/div>\n\t\t\t\t<\/div>\n\t\t\t\t\t<\/div>\n\t\t\t\t<\/div>\n\t\t<div class=\"elementor-element elementor-element-c2de8ff e-flex e-con-boxed e-con e-parent\" data-id=\"c2de8ff\" data-element_type=\"container\" data-e-type=\"container\">\n\t\t\t\t\t<div class=\"e-con-inner\">\n\t\t<div class=\"elementor-element elementor-element-852c5eb e-con-full e-flex e-con e-child\" data-id=\"852c5eb\" data-element_type=\"container\" data-e-type=\"container\">\n\t\t\t\t<div class=\"elementor-element elementor-element-f0dd325 elementor-widget elementor-widget-video\" data-id=\"f0dd325\" data-element_type=\"widget\" data-e-type=\"widget\" data-settings=\"{&quot;mute&quot;:&quot;yes&quot;,&quot;loop&quot;:&quot;yes&quot;,&quot;video_type&quot;:&quot;hosted&quot;,&quot;controls&quot;:&quot;yes&quot;}\" data-widget_type=\"video.default\">\n\t\t\t\t<div class=\"elementor-widget-container\">\n\t\t\t\t\t\t\t<div class=\"e-hosted-video elementor-wrapper elementor-open-inline\">\n\t\t\t\t\t<video class=\"elementor-video\" src=\"https:\/\/ingenews.com.co\/wp-content\/uploads\/2024\/09\/WhatsApp-Video-2024-09-04-at-2.58.44-PM.mp4\" loop=\"\" controls=\"\" preload=\"metadata\" muted=\"muted\" controlslist=\"nodownload\"><\/video>\n\t\t\t\t<\/div>\n\t\t\t\t\t\t<\/div>\n\t\t\t\t<\/div>\n\t\t\t\t<\/div>\n\t\t<div class=\"elementor-element elementor-element-32db7ce e-con-full elementor-hidden-tablet elementor-hidden-mobile e-flex e-con e-child\" data-id=\"32db7ce\" data-element_type=\"container\" data-e-type=\"container\">\n\t\t\t\t<div class=\"elementor-element elementor-element-c939c65 elementor-widget elementor-widget-video\" data-id=\"c939c65\" data-element_type=\"widget\" data-e-type=\"widget\" data-settings=\"{&quot;mute&quot;:&quot;yes&quot;,&quot;loop&quot;:&quot;yes&quot;,&quot;video_type&quot;:&quot;hosted&quot;,&quot;controls&quot;:&quot;yes&quot;}\" data-widget_type=\"video.default\">\n\t\t\t\t<div class=\"elementor-widget-container\">\n\t\t\t\t\t\t\t<div class=\"e-hosted-video elementor-wrapper elementor-open-inline\">\n\t\t\t\t\t<video class=\"elementor-video\" src=\"\/wp-content\/uploads\/2024\/09\/WhatsApp-Video-2024-09-04-at-2.37.07-PM-2.mp4\" loop=\"\" controls=\"\" preload=\"metadata\" muted=\"muted\" controlslist=\"nodownload\"><\/video>\n\t\t\t\t<\/div>\n\t\t\t\t\t\t<\/div>\n\t\t\t\t<\/div>\n\t\t\t\t<\/div>\n\t\t<div class=\"elementor-element elementor-element-35fb070 e-con-full elementor-hidden-tablet elementor-hidden-mobile e-flex e-con e-child\" data-id=\"35fb070\" data-element_type=\"container\" data-e-type=\"container\">\n\t\t\t\t<div class=\"elementor-element elementor-element-e3de26e elementor-widget elementor-widget-video\" data-id=\"e3de26e\" data-element_type=\"widget\" data-e-type=\"widget\" data-settings=\"{&quot;mute&quot;:&quot;yes&quot;,&quot;loop&quot;:&quot;yes&quot;,&quot;video_type&quot;:&quot;hosted&quot;,&quot;controls&quot;:&quot;yes&quot;}\" data-widget_type=\"video.default\">\n\t\t\t\t<div class=\"elementor-widget-container\">\n\t\t\t\t\t\t\t<div class=\"e-hosted-video elementor-wrapper elementor-open-inline\">\n\t\t\t\t\t<video class=\"elementor-video\" src=\"https:\/\/ingenews.com.co\/wp-content\/uploads\/2024\/09\/WhatsApp-Video-2024-09-04-at-2.36.07-PM-1.mp4\" loop=\"\" controls=\"\" preload=\"metadata\" muted=\"muted\" controlslist=\"nodownload\"><\/video>\n\t\t\t\t<\/div>\n\t\t\t\t\t\t<\/div>\n\t\t\t\t<\/div>\n\t\t\t\t<\/div>\n\t\t<div class=\"elementor-element elementor-element-43a7348 e-con-full elementor-hidden-tablet elementor-hidden-mobile e-flex e-con e-child\" data-id=\"43a7348\" data-element_type=\"container\" data-e-type=\"container\">\n\t\t\t\t<div class=\"elementor-element elementor-element-cb2219b elementor-widget elementor-widget-video\" data-id=\"cb2219b\" data-element_type=\"widget\" data-e-type=\"widget\" data-settings=\"{&quot;mute&quot;:&quot;yes&quot;,&quot;loop&quot;:&quot;yes&quot;,&quot;video_type&quot;:&quot;hosted&quot;,&quot;controls&quot;:&quot;yes&quot;}\" data-widget_type=\"video.default\">\n\t\t\t\t<div class=\"elementor-widget-container\">\n\t\t\t\t\t\t\t<div class=\"e-hosted-video elementor-wrapper elementor-open-inline\">\n\t\t\t\t\t<video class=\"elementor-video\" src=\"https:\/\/ingenews.com.co\/wp-content\/uploads\/2024\/09\/VID-20240904-WA0040.mp4\" loop=\"\" controls=\"\" preload=\"metadata\" muted=\"muted\" controlslist=\"nodownload\"><\/video>\n\t\t\t\t<\/div>\n\t\t\t\t\t\t<\/div>\n\t\t\t\t<\/div>\n\t\t\t\t<\/div>\n\t\t\t\t\t<\/div>\n\t\t\t\t<\/div>\n\t\t<div class=\"elementor-element elementor-element-94544fb e-flex e-con-boxed e-con e-parent\" data-id=\"94544fb\" data-element_type=\"container\" data-e-type=\"container\">\n\t\t\t\t\t<div class=\"e-con-inner\">\n\t\t<div class=\"elementor-element elementor-element-e4c2f4b e-con-full e-flex e-con e-child\" data-id=\"e4c2f4b\" data-element_type=\"container\" data-e-type=\"container\">\n\t\t\t\t<div class=\"elementor-element elementor-element-7991e5b elementor-widget elementor-widget-heading\" data-id=\"7991e5b\" data-element_type=\"widget\" data-e-type=\"widget\" data-widget_type=\"heading.default\">\n\t\t\t\t<div class=\"elementor-widget-container\">\n\t\t\t\t\t<h2 class=\"elementor-heading-title elementor-size-default\">Futbol game<\/h2>\t\t\t\t<\/div>\n\t\t\t\t<\/div>\n\t\t\t\t<\/div>\n\t\t<div class=\"elementor-element elementor-element-6725dc2 e-con-full e-flex e-con e-child\" data-id=\"6725dc2\" data-element_type=\"container\" data-e-type=\"container\">\n\t\t\t\t<div class=\"elementor-element elementor-element-84e9d2e elementor-widget elementor-widget-heading\" data-id=\"84e9d2e\" data-element_type=\"widget\" data-e-type=\"widget\" data-widget_type=\"heading.default\">\n\t\t\t\t<div class=\"elementor-widget-container\">\n\t\t\t\t\t<p class=\"elementor-heading-title elementor-size-default\">\nGame of soccer activations, BTL\n<\/p>\t\t\t\t<\/div>\n\t\t\t\t<\/div>\n\t\t\t\t<\/div>\n\t\t\t\t\t<\/div>\n\t\t\t\t<\/div>\n\t\t<div class=\"elementor-element elementor-element-a6971a6 e-flex e-con-boxed e-con e-parent\" data-id=\"a6971a6\" data-element_type=\"container\" data-e-type=\"container\">\n\t\t\t\t\t<div class=\"e-con-inner\">\n\t\t\t\t<div class=\"elementor-element elementor-element-e3fe519 elementor-widget elementor-widget-heading\" data-id=\"e3fe519\" data-element_type=\"widget\" data-e-type=\"widget\" data-widget_type=\"heading.default\">\n\t\t\t\t<div class=\"elementor-widget-container\">\n\t\t\t\t\t<p class=\"elementor-heading-title elementor-size-default\">We created a game that is ideal for BTL activations, allowing users to feel immersed in the game. The user must kick the ball and our sensors will send information to the game to represent its movement on the screen in real time and determine whether or not it is a goal.\n<\/p>\t\t\t\t<\/div>\n\t\t\t\t<\/div>\n\t\t\t\t\t<\/div>\n\t\t\t\t<\/div>\n\t\t<div class=\"elementor-element elementor-element-fd6f1e5 e-flex e-con-boxed e-con e-parent\" data-id=\"fd6f1e5\" data-element_type=\"container\" data-e-type=\"container\">\n\t\t\t\t\t<div class=\"e-con-inner\">\n\t\t\t\t<div class=\"elementor-element elementor-element-44a116d elementor-widget elementor-widget-heading\" data-id=\"44a116d\" data-element_type=\"widget\" data-e-type=\"widget\" data-widget_type=\"heading.default\">\n\t\t\t\t<div class=\"elementor-widget-container\">\n\t\t\t\t\t<h3 class=\"elementor-heading-title elementor-size-default\">\n\nHow to buy it?\n<\/h3>\t\t\t\t<\/div>\n\t\t\t\t<\/div>\n\t\t\t\t<div class=\"elementor-element elementor-element-a9867dd elementor-widget elementor-widget-heading\" data-id=\"a9867dd\" data-element_type=\"widget\" data-e-type=\"widget\" data-widget_type=\"heading.default\">\n\t\t\t\t<div class=\"elementor-widget-container\">\n\t\t\t\t\t<p class=\"elementor-heading-title elementor-size-default\">You can rent it for the days you need, our team will customize it to your measure to keep the colors and logos of your company, in addition, we will help you in the process of installation and training to the team that will be leading the activation.\n<\/p>\t\t\t\t<\/div>\n\t\t\t\t<\/div>\n\t\t\t\t\t<\/div>\n\t\t\t\t<\/div>\n\t\t\t\t<\/div>","protected":false},"excerpt":{"rendered":"<p>https:\/\/ingenews.com.co\/wp-content\/uploads\/2024\/09\/WhatsApp-Video-2024-09-04-at-2.58.44-PM.mp4\/wp-content\/uploads\/2024\/09\/WhatsApp-Video-2024-09-04-at-2.37.07-PM-2.mp4https:\/\/ingenews.com.co\/wp-content\/uploads\/2024\/09\/WhatsApp-Video-2024-09-04-at-2.36.07-PM-1.mp4https:\/\/ingenews.com.co\/wp-content\/uploads\/2024\/09\/VID-20240904-WA0040.mp4 Juego f\u00fatbol Juego de f\u00fatbol para activaciones BTL Creamos un juego ideal para activaciones BTL que permite a los usuarios una sensaci\u00f3n de inmersi\u00f3n dentro del juego. El usuario debe patear el bal\u00f3n y nuestros sensores se encargar\u00e1n de enviar la informaci\u00f3n al juego para representar su movimiento en pantalla en tiempo real y [&hellip;]<\/p>\n","protected":false},"author":3,"featured_media":0,"parent":0,"menu_order":0,"comment_status":"closed","ping_status":"closed","template":"elementor_header_footer","meta":{"_joinchat":[],"footnotes":""},"class_list":["post-3906","page","type-page","status-publish","hentry"],"_links":{"self":[{"href":"https:\/\/www.ingenews.com.co\/en\/wp-json\/wp\/v2\/pages\/3906","targetHints":{"allow":["GET"]}}],"collection":[{"href":"https:\/\/www.ingenews.com.co\/en\/wp-json\/wp\/v2\/pages"}],"about":[{"href":"https:\/\/www.ingenews.com.co\/en\/wp-json\/wp\/v2\/types\/page"}],"author":[{"embeddable":true,"href":"https:\/\/www.ingenews.com.co\/en\/wp-json\/wp\/v2\/users\/3"}],"replies":[{"embeddable":true,"href":"https:\/\/www.ingenews.com.co\/en\/wp-json\/wp\/v2\/comments?post=3906"}],"version-history":[{"count":28,"href":"https:\/\/www.ingenews.com.co\/en\/wp-json\/wp\/v2\/pages\/3906\/revisions"}],"predecessor-version":[{"id":4242,"href":"https:\/\/www.ingenews.com.co\/en\/wp-json\/wp\/v2\/pages\/3906\/revisions\/4242"}],"wp:attachment":[{"href":"https:\/\/www.ingenews.com.co\/en\/wp-json\/wp\/v2\/media?parent=3906"}],"curies":[{"name":"wp","href":"https:\/\/api.w.org\/{rel}","templated":true}]}}