{"id":3664,"date":"2024-09-03T14:32:10","date_gmt":"2024-09-03T19:32:10","guid":{"rendered":"https:\/\/ingenews.com.co\/?page_id=3664"},"modified":"2024-12-27T07:39:02","modified_gmt":"2024-12-27T12:39:02","slug":"onus","status":"publish","type":"page","link":"https:\/\/www.ingenews.com.co\/en\/onus\/","title":{"rendered":"Onus"},"content":{"rendered":"<div data-elementor-type=\"wp-page\" data-elementor-id=\"3664\" class=\"elementor elementor-3664\" data-elementor-post-type=\"page\">\n\t\t\t\t<div class=\"elementor-element elementor-element-a0d95b9 e-con-full e-flex e-con e-parent\" data-id=\"a0d95b9\" data-element_type=\"container\" data-e-type=\"container\">\n\t\t\t\t<div class=\"elementor-element elementor-element-03ec29a elementor-widget elementor-widget-image\" data-id=\"03ec29a\" data-element_type=\"widget\" data-e-type=\"widget\" data-widget_type=\"image.default\">\n\t\t\t\t<div class=\"elementor-widget-container\">\n\t\t\t\t\t\t\t\t\t\t\t\t\t\t\t<img fetchpriority=\"high\" decoding=\"async\" width=\"1438\" height=\"775\" src=\"https:\/\/www.ingenews.com.co\/wp-content\/uploads\/2024\/09\/Captura-de-Pantalla-2024-08-21-a-las-2.16.44-p.m.png\" class=\"attachment-full size-full wp-image-3666\" alt=\"\" srcset=\"https:\/\/www.ingenews.com.co\/wp-content\/uploads\/2024\/09\/Captura-de-Pantalla-2024-08-21-a-las-2.16.44-p.m.png 1438w, https:\/\/www.ingenews.com.co\/wp-content\/uploads\/2024\/09\/Captura-de-Pantalla-2024-08-21-a-las-2.16.44-p.m-300x162.png 300w, https:\/\/www.ingenews.com.co\/wp-content\/uploads\/2024\/09\/Captura-de-Pantalla-2024-08-21-a-las-2.16.44-p.m-1024x552.png 1024w, https:\/\/www.ingenews.com.co\/wp-content\/uploads\/2024\/09\/Captura-de-Pantalla-2024-08-21-a-las-2.16.44-p.m-768x414.png 768w\" sizes=\"(max-width: 1438px) 100vw, 1438px\" \/>\t\t\t\t\t\t\t\t\t\t\t\t\t\t\t<\/div>\n\t\t\t\t<\/div>\n\t\t\t\t<\/div>\n\t\t<div class=\"elementor-element elementor-element-94544fb e-flex e-con-boxed e-con e-parent\" data-id=\"94544fb\" data-element_type=\"container\" data-e-type=\"container\">\n\t\t\t\t\t<div class=\"e-con-inner\">\n\t\t<div class=\"elementor-element elementor-element-e4c2f4b e-con-full e-flex e-con e-child\" data-id=\"e4c2f4b\" data-element_type=\"container\" data-e-type=\"container\">\n\t\t\t\t<div class=\"elementor-element elementor-element-7991e5b elementor-widget elementor-widget-heading\" data-id=\"7991e5b\" data-element_type=\"widget\" data-e-type=\"widget\" data-widget_type=\"heading.default\">\n\t\t\t\t<div class=\"elementor-widget-container\">\n\t\t\t\t\t<h2 class=\"elementor-heading-title elementor-size-default\">Onus<\/h2>\t\t\t\t<\/div>\n\t\t\t\t<\/div>\n\t\t\t\t<\/div>\n\t\t<div class=\"elementor-element elementor-element-6725dc2 e-con-full e-flex e-con e-child\" data-id=\"6725dc2\" data-element_type=\"container\" data-e-type=\"container\">\n\t\t\t\t<div class=\"elementor-element elementor-element-84e9d2e elementor-widget elementor-widget-heading\" data-id=\"84e9d2e\" data-element_type=\"widget\" data-e-type=\"widget\" data-widget_type=\"heading.default\">\n\t\t\t\t<div class=\"elementor-widget-container\">\n\t\t\t\t\t<p class=\"elementor-heading-title elementor-size-default\">\nNative App Android and iOS\n<\/p>\t\t\t\t<\/div>\n\t\t\t\t<\/div>\n\t\t\t\t<\/div>\n\t\t\t\t\t<\/div>\n\t\t\t\t<\/div>\n\t\t<div class=\"elementor-element elementor-element-a6971a6 e-flex e-con-boxed e-con e-parent\" data-id=\"a6971a6\" data-element_type=\"container\" data-e-type=\"container\">\n\t\t\t\t\t<div class=\"e-con-inner\">\n\t\t\t\t<div class=\"elementor-element elementor-element-e3fe519 elementor-widget elementor-widget-heading\" data-id=\"e3fe519\" data-element_type=\"widget\" data-e-type=\"widget\" data-widget_type=\"heading.default\">\n\t\t\t\t<div class=\"elementor-widget-container\">\n\t\t\t\t\t<p class=\"elementor-heading-title elementor-size-default\">Onus is an app that simplifies access to land-based delivery services. With just one button, you can request immediate or scheduled deliveries, including multiple stops, using the vehicle type of your choice. The app also allows you to track service confirmation and monitor the status of your delivery in real-time.<\/p>\t\t\t\t<\/div>\n\t\t\t\t<\/div>\n\t\t\t\t\t<\/div>\n\t\t\t\t<\/div>\n\t\t<div class=\"elementor-element elementor-element-fd6f1e5 e-flex e-con-boxed e-con e-parent\" data-id=\"fd6f1e5\" data-element_type=\"container\" data-e-type=\"container\">\n\t\t\t\t\t<div class=\"e-con-inner\">\n\t\t\t\t<div class=\"elementor-element elementor-element-44a116d elementor-widget elementor-widget-heading\" data-id=\"44a116d\" data-element_type=\"widget\" data-e-type=\"widget\" data-widget_type=\"heading.default\">\n\t\t\t\t<div class=\"elementor-widget-container\">\n\t\t\t\t\t<h3 class=\"elementor-heading-title elementor-size-default\">\n\nWhat did we do?\n<\/h3>\t\t\t\t<\/div>\n\t\t\t\t<\/div>\n\t\t\t\t<div class=\"elementor-element elementor-element-a9867dd elementor-widget elementor-widget-heading\" data-id=\"a9867dd\" data-element_type=\"widget\" data-e-type=\"widget\" data-widget_type=\"heading.default\">\n\t\t\t\t<div class=\"elementor-widget-container\">\n\t\t\t\t\t<p class=\"elementor-heading-title elementor-size-default\">We create a app of transport that facilitates the application and management of services for a company of ground shipments.<\/p>\t\t\t\t<\/div>\n\t\t\t\t<\/div>\n\t\t\t\t\t<\/div>\n\t\t\t\t<\/div>\n\t\t<div class=\"elementor-element elementor-element-afd242b e-flex e-con-boxed e-con e-parent\" data-id=\"afd242b\" data-element_type=\"container\" data-e-type=\"container\">\n\t\t\t\t\t<div class=\"e-con-inner\">\n\t\t<div class=\"elementor-element elementor-element-7eb9cb2 e-con-full e-flex e-con e-child\" data-id=\"7eb9cb2\" data-element_type=\"container\" data-e-type=\"container\">\n\t\t\t\t<div class=\"elementor-element elementor-element-a634dae elementor-widget elementor-widget-image\" data-id=\"a634dae\" data-element_type=\"widget\" data-e-type=\"widget\" data-widget_type=\"image.default\">\n\t\t\t\t<div class=\"elementor-widget-container\">\n\t\t\t\t\t\t\t\t\t\t\t\t\t\t\t<img decoding=\"async\" width=\"920\" height=\"1080\" src=\"https:\/\/www.ingenews.com.co\/wp-content\/uploads\/2024\/09\/Mockups-apps-3.jpg\" class=\"attachment-full size-full wp-image-3667\" alt=\"\" srcset=\"https:\/\/www.ingenews.com.co\/wp-content\/uploads\/2024\/09\/Mockups-apps-3.jpg 920w, https:\/\/www.ingenews.com.co\/wp-content\/uploads\/2024\/09\/Mockups-apps-3-256x300.jpg 256w, https:\/\/www.ingenews.com.co\/wp-content\/uploads\/2024\/09\/Mockups-apps-3-872x1024.jpg 872w, https:\/\/www.ingenews.com.co\/wp-content\/uploads\/2024\/09\/Mockups-apps-3-768x902.jpg 768w\" sizes=\"(max-width: 920px) 100vw, 920px\" \/>\t\t\t\t\t\t\t\t\t\t\t\t\t\t\t<\/div>\n\t\t\t\t<\/div>\n\t\t\t\t<\/div>\n\t\t\t\t\t<\/div>\n\t\t\t\t<\/div>\n\t\t\t\t<\/div>","protected":false},"excerpt":{"rendered":"<p>Onus App nativa iOS y Android Onus es una app que hace m\u00e1s accesible la solicitud de servicios de env\u00edo de mercanc\u00eda terrestre, con solo un bot\u00f3n puedes solicitar servicios inmediatos o programados con una o varias paradas en el tipo de veh\u00edculo de tu preferencia y seguir la confirmaci\u00f3n de servicio y estado del [&hellip;]<\/p>\n","protected":false},"author":3,"featured_media":0,"parent":0,"menu_order":0,"comment_status":"closed","ping_status":"closed","template":"elementor_header_footer","meta":{"_joinchat":[],"footnotes":""},"class_list":["post-3664","page","type-page","status-publish","hentry"],"_links":{"self":[{"href":"https:\/\/www.ingenews.com.co\/en\/wp-json\/wp\/v2\/pages\/3664","targetHints":{"allow":["GET"]}}],"collection":[{"href":"https:\/\/www.ingenews.com.co\/en\/wp-json\/wp\/v2\/pages"}],"about":[{"href":"https:\/\/www.ingenews.com.co\/en\/wp-json\/wp\/v2\/types\/page"}],"author":[{"embeddable":true,"href":"https:\/\/www.ingenews.com.co\/en\/wp-json\/wp\/v2\/users\/3"}],"replies":[{"embeddable":true,"href":"https:\/\/www.ingenews.com.co\/en\/wp-json\/wp\/v2\/comments?post=3664"}],"version-history":[{"count":13,"href":"https:\/\/www.ingenews.com.co\/en\/wp-json\/wp\/v2\/pages\/3664\/revisions"}],"predecessor-version":[{"id":4261,"href":"https:\/\/www.ingenews.com.co\/en\/wp-json\/wp\/v2\/pages\/3664\/revisions\/4261"}],"wp:attachment":[{"href":"https:\/\/www.ingenews.com.co\/en\/wp-json\/wp\/v2\/media?parent=3664"}],"curies":[{"name":"wp","href":"https:\/\/api.w.org\/{rel}","templated":true}]}}