{"id":3656,"date":"2024-09-03T14:29:43","date_gmt":"2024-09-03T19:29:43","guid":{"rendered":"https:\/\/ingenews.com.co\/?page_id=3656"},"modified":"2024-12-27T08:38:06","modified_gmt":"2024-12-27T13:38:06","slug":"tllevo-app","status":"publish","type":"page","link":"https:\/\/www.ingenews.com.co\/en\/tllevo-app\/","title":{"rendered":"Tllevo App"},"content":{"rendered":"<div data-elementor-type=\"wp-page\" data-elementor-id=\"3656\" class=\"elementor elementor-3656\" data-elementor-post-type=\"page\">\n\t\t\t\t<div class=\"elementor-element elementor-element-a0d95b9 e-con-full e-flex e-con e-parent\" data-id=\"a0d95b9\" data-element_type=\"container\" data-e-type=\"container\">\n\t\t\t\t<div class=\"elementor-element elementor-element-03ec29a elementor-widget elementor-widget-image\" data-id=\"03ec29a\" data-element_type=\"widget\" data-e-type=\"widget\" data-widget_type=\"image.default\">\n\t\t\t\t<div class=\"elementor-widget-container\">\n\t\t\t\t\t\t\t\t\t\t\t\t\t\t\t<img fetchpriority=\"high\" decoding=\"async\" width=\"1427\" height=\"797\" src=\"https:\/\/www.ingenews.com.co\/wp-content\/uploads\/2024\/09\/Captura-de-Pantalla-2024-08-21-a-las-2.04.12-p.m.png\" class=\"attachment-full size-full wp-image-3658\" alt=\"\" srcset=\"https:\/\/www.ingenews.com.co\/wp-content\/uploads\/2024\/09\/Captura-de-Pantalla-2024-08-21-a-las-2.04.12-p.m.png 1427w, https:\/\/www.ingenews.com.co\/wp-content\/uploads\/2024\/09\/Captura-de-Pantalla-2024-08-21-a-las-2.04.12-p.m-300x168.png 300w, https:\/\/www.ingenews.com.co\/wp-content\/uploads\/2024\/09\/Captura-de-Pantalla-2024-08-21-a-las-2.04.12-p.m-1024x572.png 1024w, https:\/\/www.ingenews.com.co\/wp-content\/uploads\/2024\/09\/Captura-de-Pantalla-2024-08-21-a-las-2.04.12-p.m-768x429.png 768w\" sizes=\"(max-width: 1427px) 100vw, 1427px\" \/>\t\t\t\t\t\t\t\t\t\t\t\t\t\t\t<\/div>\n\t\t\t\t<\/div>\n\t\t\t\t<\/div>\n\t\t<div class=\"elementor-element elementor-element-94544fb e-flex e-con-boxed e-con e-parent\" data-id=\"94544fb\" data-element_type=\"container\" data-e-type=\"container\">\n\t\t\t\t\t<div class=\"e-con-inner\">\n\t\t<div class=\"elementor-element elementor-element-e4c2f4b e-con-full e-flex e-con e-child\" data-id=\"e4c2f4b\" data-element_type=\"container\" data-e-type=\"container\">\n\t\t\t\t<div class=\"elementor-element elementor-element-7991e5b elementor-widget elementor-widget-heading\" data-id=\"7991e5b\" data-element_type=\"widget\" data-e-type=\"widget\" data-widget_type=\"heading.default\">\n\t\t\t\t<div class=\"elementor-widget-container\">\n\t\t\t\t\t<h2 class=\"elementor-heading-title elementor-size-default\">Tllevo App<\/h2>\t\t\t\t<\/div>\n\t\t\t\t<\/div>\n\t\t\t\t<\/div>\n\t\t<div class=\"elementor-element elementor-element-6725dc2 e-con-full e-flex e-con e-child\" data-id=\"6725dc2\" data-element_type=\"container\" data-e-type=\"container\">\n\t\t\t\t<div class=\"elementor-element elementor-element-84e9d2e elementor-widget elementor-widget-heading\" data-id=\"84e9d2e\" data-element_type=\"widget\" data-e-type=\"widget\" data-widget_type=\"heading.default\">\n\t\t\t\t<div class=\"elementor-widget-container\">\n\t\t\t\t\t<p class=\"elementor-heading-title elementor-size-default\">\nNative App Android and iOS\n<\/p>\t\t\t\t<\/div>\n\t\t\t\t<\/div>\n\t\t\t\t<\/div>\n\t\t\t\t\t<\/div>\n\t\t\t\t<\/div>\n\t\t<div class=\"elementor-element elementor-element-a6971a6 e-flex e-con-boxed e-con e-parent\" data-id=\"a6971a6\" data-element_type=\"container\" data-e-type=\"container\">\n\t\t\t\t\t<div class=\"e-con-inner\">\n\t\t\t\t<div class=\"elementor-element elementor-element-e3fe519 elementor-widget elementor-widget-heading\" data-id=\"e3fe519\" data-element_type=\"widget\" data-e-type=\"widget\" data-widget_type=\"heading.default\">\n\t\t\t\t<div class=\"elementor-widget-container\">\n\t\t\t\t\t<p class=\"elementor-heading-title elementor-size-default\">Tllevo is an app that makes booking corporate transportation services more accessible. With just one button, you can request immediate or scheduled services with multiple stops, and track the service confirmation and status in real-time from your app.<\/p>\t\t\t\t<\/div>\n\t\t\t\t<\/div>\n\t\t\t\t\t<\/div>\n\t\t\t\t<\/div>\n\t\t<div class=\"elementor-element elementor-element-fd6f1e5 e-flex e-con-boxed e-con e-parent\" data-id=\"fd6f1e5\" data-element_type=\"container\" data-e-type=\"container\">\n\t\t\t\t\t<div class=\"e-con-inner\">\n\t\t\t\t<div class=\"elementor-element elementor-element-44a116d elementor-widget elementor-widget-heading\" data-id=\"44a116d\" data-element_type=\"widget\" data-e-type=\"widget\" data-widget_type=\"heading.default\">\n\t\t\t\t<div class=\"elementor-widget-container\">\n\t\t\t\t\t<h3 class=\"elementor-heading-title elementor-size-default\">\n\nWhat did we do?\n<\/h3>\t\t\t\t<\/div>\n\t\t\t\t<\/div>\n\t\t\t\t<div class=\"elementor-element elementor-element-a9867dd elementor-widget elementor-widget-heading\" data-id=\"a9867dd\" data-element_type=\"widget\" data-e-type=\"widget\" data-widget_type=\"heading.default\">\n\t\t\t\t<div class=\"elementor-widget-container\">\n\t\t\t\t\t<p class=\"elementor-heading-title elementor-size-default\">We create a app of transport that facilitates the application and management of services for a transport company corporate<\/p>\t\t\t\t<\/div>\n\t\t\t\t<\/div>\n\t\t\t\t\t<\/div>\n\t\t\t\t<\/div>\n\t\t<div class=\"elementor-element elementor-element-afd242b e-flex e-con-boxed e-con e-parent\" data-id=\"afd242b\" data-element_type=\"container\" data-e-type=\"container\">\n\t\t\t\t\t<div class=\"e-con-inner\">\n\t\t<div class=\"elementor-element elementor-element-7eb9cb2 e-con-full e-flex e-con e-child\" data-id=\"7eb9cb2\" data-element_type=\"container\" data-e-type=\"container\">\n\t\t\t\t<div class=\"elementor-element elementor-element-a634dae elementor-widget elementor-widget-image\" data-id=\"a634dae\" data-element_type=\"widget\" data-e-type=\"widget\" data-widget_type=\"image.default\">\n\t\t\t\t<div class=\"elementor-widget-container\">\n\t\t\t\t\t\t\t\t\t\t\t\t\t\t\t<img decoding=\"async\" width=\"920\" height=\"1080\" src=\"https:\/\/www.ingenews.com.co\/wp-content\/uploads\/2024\/09\/Mockups-apps-1.jpg\" class=\"attachment-full size-full wp-image-3659\" alt=\"\" srcset=\"https:\/\/www.ingenews.com.co\/wp-content\/uploads\/2024\/09\/Mockups-apps-1.jpg 920w, https:\/\/www.ingenews.com.co\/wp-content\/uploads\/2024\/09\/Mockups-apps-1-256x300.jpg 256w, https:\/\/www.ingenews.com.co\/wp-content\/uploads\/2024\/09\/Mockups-apps-1-872x1024.jpg 872w, https:\/\/www.ingenews.com.co\/wp-content\/uploads\/2024\/09\/Mockups-apps-1-768x902.jpg 768w\" sizes=\"(max-width: 920px) 100vw, 920px\" \/>\t\t\t\t\t\t\t\t\t\t\t\t\t\t\t<\/div>\n\t\t\t\t<\/div>\n\t\t\t\t<\/div>\n\t\t\t\t\t<\/div>\n\t\t\t\t<\/div>\n\t\t\t\t<\/div>","protected":false},"excerpt":{"rendered":"<p>Tllevo App App nativa iOS y Android Tllevo es una app que hace m\u00e1s accesible la solicitud de servicios de transporte corporativo, con solo un bot\u00f3n puedes solicitar servicios inmediatos o programados con una o varias paradas y seguir la confirmaci\u00f3n de servicio y estado del mismo en tiempo real desde tu app. \u00bfQu\u00e9 hicimos? [&hellip;]<\/p>\n","protected":false},"author":3,"featured_media":0,"parent":0,"menu_order":0,"comment_status":"closed","ping_status":"closed","template":"elementor_header_footer","meta":{"_joinchat":[],"footnotes":""},"class_list":["post-3656","page","type-page","status-publish","hentry"],"_links":{"self":[{"href":"https:\/\/www.ingenews.com.co\/en\/wp-json\/wp\/v2\/pages\/3656","targetHints":{"allow":["GET"]}}],"collection":[{"href":"https:\/\/www.ingenews.com.co\/en\/wp-json\/wp\/v2\/pages"}],"about":[{"href":"https:\/\/www.ingenews.com.co\/en\/wp-json\/wp\/v2\/types\/page"}],"author":[{"embeddable":true,"href":"https:\/\/www.ingenews.com.co\/en\/wp-json\/wp\/v2\/users\/3"}],"replies":[{"embeddable":true,"href":"https:\/\/www.ingenews.com.co\/en\/wp-json\/wp\/v2\/comments?post=3656"}],"version-history":[{"count":14,"href":"https:\/\/www.ingenews.com.co\/en\/wp-json\/wp\/v2\/pages\/3656\/revisions"}],"predecessor-version":[{"id":4282,"href":"https:\/\/www.ingenews.com.co\/en\/wp-json\/wp\/v2\/pages\/3656\/revisions\/4282"}],"wp:attachment":[{"href":"https:\/\/www.ingenews.com.co\/en\/wp-json\/wp\/v2\/media?parent=3656"}],"curies":[{"name":"wp","href":"https:\/\/api.w.org\/{rel}","templated":true}]}}