{"id":3317,"date":"2024-08-21T14:29:10","date_gmt":"2024-08-21T19:29:10","guid":{"rendered":"https:\/\/ingenews.com.co\/?page_id=3317"},"modified":"2024-12-27T07:36:04","modified_gmt":"2024-12-27T12:36:04","slug":"julian-munoz","status":"publish","type":"page","link":"https:\/\/www.ingenews.com.co\/en\/julian-munoz\/","title":{"rendered":"Juli\u00e1n Mu\u00f1oz"},"content":{"rendered":"<div data-elementor-type=\"wp-page\" data-elementor-id=\"3317\" class=\"elementor elementor-3317\" data-elementor-post-type=\"page\">\n\t\t\t\t<div class=\"elementor-element elementor-element-a0d95b9 e-con-full e-flex e-con e-parent\" data-id=\"a0d95b9\" data-element_type=\"container\" data-e-type=\"container\">\n\t\t\t\t<div class=\"elementor-element elementor-element-03ec29a elementor-widget elementor-widget-image\" data-id=\"03ec29a\" data-element_type=\"widget\" data-e-type=\"widget\" data-widget_type=\"image.default\">\n\t\t\t\t<div class=\"elementor-widget-container\">\n\t\t\t\t\t\t\t\t\t\t\t\t\t\t\t<img fetchpriority=\"high\" decoding=\"async\" width=\"1440\" height=\"807\" src=\"https:\/\/www.ingenews.com.co\/wp-content\/uploads\/2024\/08\/julian.jpg\" class=\"attachment-full size-full wp-image-3319\" alt=\"\" srcset=\"https:\/\/www.ingenews.com.co\/wp-content\/uploads\/2024\/08\/julian.jpg 1440w, https:\/\/www.ingenews.com.co\/wp-content\/uploads\/2024\/08\/julian-300x168.jpg 300w, https:\/\/www.ingenews.com.co\/wp-content\/uploads\/2024\/08\/julian-1024x574.jpg 1024w, https:\/\/www.ingenews.com.co\/wp-content\/uploads\/2024\/08\/julian-768x430.jpg 768w\" sizes=\"(max-width: 1440px) 100vw, 1440px\" \/>\t\t\t\t\t\t\t\t\t\t\t\t\t\t\t<\/div>\n\t\t\t\t<\/div>\n\t\t\t\t<\/div>\n\t\t<div class=\"elementor-element elementor-element-94544fb e-flex e-con-boxed e-con e-parent\" data-id=\"94544fb\" data-element_type=\"container\" data-e-type=\"container\">\n\t\t\t\t\t<div class=\"e-con-inner\">\n\t\t<div class=\"elementor-element elementor-element-e4c2f4b e-con-full e-flex e-con e-child\" data-id=\"e4c2f4b\" data-element_type=\"container\" data-e-type=\"container\">\n\t\t\t\t<div class=\"elementor-element elementor-element-7991e5b elementor-widget elementor-widget-heading\" data-id=\"7991e5b\" data-element_type=\"widget\" data-e-type=\"widget\" data-widget_type=\"heading.default\">\n\t\t\t\t<div class=\"elementor-widget-container\">\n\t\t\t\t\t<h2 class=\"elementor-heading-title elementor-size-default\">Juli\u00e1n Mu\u00f1oz<\/h2>\t\t\t\t<\/div>\n\t\t\t\t<\/div>\n\t\t\t\t<\/div>\n\t\t<div class=\"elementor-element elementor-element-6725dc2 e-con-full e-flex e-con e-child\" data-id=\"6725dc2\" data-element_type=\"container\" data-e-type=\"container\">\n\t\t\t\t<div class=\"elementor-element elementor-element-84e9d2e elementor-widget elementor-widget-heading\" data-id=\"84e9d2e\" data-element_type=\"widget\" data-e-type=\"widget\" data-widget_type=\"heading.default\">\n\t\t\t\t<div class=\"elementor-widget-container\">\n\t\t\t\t\t<p class=\"elementor-heading-title elementor-size-default\">\nWordPress website\n<\/p>\t\t\t\t<\/div>\n\t\t\t\t<\/div>\n\t\t\t\t<\/div>\n\t\t\t\t\t<\/div>\n\t\t\t\t<\/div>\n\t\t<div class=\"elementor-element elementor-element-a6971a6 e-flex e-con-boxed e-con e-parent\" data-id=\"a6971a6\" data-element_type=\"container\" data-e-type=\"container\">\n\t\t\t\t\t<div class=\"e-con-inner\">\n\t\t\t\t<div class=\"elementor-element elementor-element-e3fe519 elementor-widget elementor-widget-heading\" data-id=\"e3fe519\" data-element_type=\"widget\" data-e-type=\"widget\" data-widget_type=\"heading.default\">\n\t\t\t\t<div class=\"elementor-widget-container\">\n\t\t\t\t\t<p class=\"elementor-heading-title elementor-size-default\">We built a portal where users can explore updates from former mayor Juli\u00e1n Mu\u00f1oz, including his podcast, which can be listened to online through the site.<\/p>\t\t\t\t<\/div>\n\t\t\t\t<\/div>\n\t\t\t\t\t<\/div>\n\t\t\t\t<\/div>\n\t\t<div class=\"elementor-element elementor-element-fd6f1e5 e-flex e-con-boxed e-con e-parent\" data-id=\"fd6f1e5\" data-element_type=\"container\" data-e-type=\"container\">\n\t\t\t\t\t<div class=\"e-con-inner\">\n\t\t\t\t<div class=\"elementor-element elementor-element-44a116d elementor-widget elementor-widget-heading\" data-id=\"44a116d\" data-element_type=\"widget\" data-e-type=\"widget\" data-widget_type=\"heading.default\">\n\t\t\t\t<div class=\"elementor-widget-container\">\n\t\t\t\t\t<h3 class=\"elementor-heading-title elementor-size-default\">\n\nWhat did we do?\n<\/h3>\t\t\t\t<\/div>\n\t\t\t\t<\/div>\n\t\t\t\t<div class=\"elementor-element elementor-element-a9867dd elementor-widget elementor-widget-heading\" data-id=\"a9867dd\" data-element_type=\"widget\" data-e-type=\"widget\" data-widget_type=\"heading.default\">\n\t\t\t\t<div class=\"elementor-widget-container\">\n\t\t\t\t\t<p class=\"elementor-heading-title elementor-size-default\">We created a website to raise awareness of Juli\u00e1n Mu\u00f1oz<\/p>\t\t\t\t<\/div>\n\t\t\t\t<\/div>\n\t\t\t\t\t<\/div>\n\t\t\t\t<\/div>\n\t\t<div class=\"elementor-element elementor-element-521ecbe4 e-flex e-con-boxed e-con e-parent\" data-id=\"521ecbe4\" data-element_type=\"container\" data-e-type=\"container\">\n\t\t\t\t\t<div class=\"e-con-inner\">\n\t\t<div class=\"elementor-element elementor-element-5fece7b3 e-con-full e-flex e-con e-child\" data-id=\"5fece7b3\" data-element_type=\"container\" data-e-type=\"container\">\n\t\t\t\t<div class=\"elementor-element elementor-element-50706eba elementor-widget elementor-widget-image\" data-id=\"50706eba\" data-element_type=\"widget\" data-e-type=\"widget\" data-widget_type=\"image.default\">\n\t\t\t\t<div class=\"elementor-widget-container\">\n\t\t\t\t\t\t\t\t\t\t\t\t\t\t\t<img decoding=\"async\" width=\"920\" height=\"1080\" src=\"https:\/\/www.ingenews.com.co\/wp-content\/uploads\/2024\/08\/Mockups-corporativos-5.jpg\" class=\"attachment-full size-full wp-image-3320\" alt=\"\" srcset=\"https:\/\/www.ingenews.com.co\/wp-content\/uploads\/2024\/08\/Mockups-corporativos-5.jpg 920w, https:\/\/www.ingenews.com.co\/wp-content\/uploads\/2024\/08\/Mockups-corporativos-5-256x300.jpg 256w, https:\/\/www.ingenews.com.co\/wp-content\/uploads\/2024\/08\/Mockups-corporativos-5-872x1024.jpg 872w, https:\/\/www.ingenews.com.co\/wp-content\/uploads\/2024\/08\/Mockups-corporativos-5-768x902.jpg 768w\" sizes=\"(max-width: 920px) 100vw, 920px\" \/>\t\t\t\t\t\t\t\t\t\t\t\t\t\t\t<\/div>\n\t\t\t\t<\/div>\n\t\t\t\t<\/div>\n\t\t<div class=\"elementor-element elementor-element-b9dc713 e-con-full e-flex e-con e-child\" data-id=\"b9dc713\" data-element_type=\"container\" data-e-type=\"container\">\n\t\t\t\t<div class=\"elementor-element elementor-element-c1f2b3d elementor-widget elementor-widget-image\" data-id=\"c1f2b3d\" data-element_type=\"widget\" data-e-type=\"widget\" data-widget_type=\"image.default\">\n\t\t\t\t<div class=\"elementor-widget-container\">\n\t\t\t\t\t\t\t\t\t\t\t\t\t\t\t<img decoding=\"async\" width=\"920\" height=\"1080\" src=\"https:\/\/www.ingenews.com.co\/wp-content\/uploads\/2024\/08\/Mockups-corporativos-2.jpg\" class=\"attachment-full size-full wp-image-3321\" alt=\"\" srcset=\"https:\/\/www.ingenews.com.co\/wp-content\/uploads\/2024\/08\/Mockups-corporativos-2.jpg 920w, https:\/\/www.ingenews.com.co\/wp-content\/uploads\/2024\/08\/Mockups-corporativos-2-256x300.jpg 256w, https:\/\/www.ingenews.com.co\/wp-content\/uploads\/2024\/08\/Mockups-corporativos-2-872x1024.jpg 872w, https:\/\/www.ingenews.com.co\/wp-content\/uploads\/2024\/08\/Mockups-corporativos-2-768x902.jpg 768w\" sizes=\"(max-width: 920px) 100vw, 920px\" \/>\t\t\t\t\t\t\t\t\t\t\t\t\t\t\t<\/div>\n\t\t\t\t<\/div>\n\t\t\t\t<\/div>\n\t\t\t\t\t<\/div>\n\t\t\t\t<\/div>\n\t\t<div class=\"elementor-element elementor-element-546634fc e-flex e-con-boxed e-con e-parent\" data-id=\"546634fc\" data-element_type=\"container\" data-e-type=\"container\">\n\t\t\t\t\t<div class=\"e-con-inner\">\n\t\t\t\t<div class=\"elementor-element elementor-element-6409d0bf elementor-widget elementor-widget-heading\" data-id=\"6409d0bf\" data-element_type=\"widget\" data-e-type=\"widget\" data-widget_type=\"heading.default\">\n\t\t\t\t<div class=\"elementor-widget-container\">\n\t\t\t\t\t<p class=\"elementor-heading-title elementor-size-default\">Aliquam<\/p>\t\t\t\t<\/div>\n\t\t\t\t<\/div>\n\t\t\t\t\t<\/div>\n\t\t\t\t<\/div>\n\t\t\t\t<\/div>","protected":false},"excerpt":{"rendered":"<p>Juli\u00e1n Mu\u00f1oz Sitio web en WordPress Elaboramos un portal que permite ver las novedades del ex alcalde Juli\u00e1n Mu\u00f1oz, entre esas su podcast el cual se puede escuchar en l\u00ednea a trav\u00e9s del sitio. \u00bfQu\u00e9 hicimos? Creamos una sitio web para dar a conocer a Juli\u00e1n Mu\u00f1oz Aliquam<\/p>","protected":false},"author":1,"featured_media":0,"parent":0,"menu_order":0,"comment_status":"closed","ping_status":"closed","template":"elementor_header_footer","meta":{"_joinchat":[],"footnotes":""},"class_list":["post-3317","page","type-page","status-publish","hentry"],"_links":{"self":[{"href":"https:\/\/www.ingenews.com.co\/en\/wp-json\/wp\/v2\/pages\/3317","targetHints":{"allow":["GET"]}}],"collection":[{"href":"https:\/\/www.ingenews.com.co\/en\/wp-json\/wp\/v2\/pages"}],"about":[{"href":"https:\/\/www.ingenews.com.co\/en\/wp-json\/wp\/v2\/types\/page"}],"author":[{"embeddable":true,"href":"https:\/\/www.ingenews.com.co\/en\/wp-json\/wp\/v2\/users\/1"}],"replies":[{"embeddable":true,"href":"https:\/\/www.ingenews.com.co\/en\/wp-json\/wp\/v2\/comments?post=3317"}],"version-history":[{"count":13,"href":"https:\/\/www.ingenews.com.co\/en\/wp-json\/wp\/v2\/pages\/3317\/revisions"}],"predecessor-version":[{"id":4249,"href":"https:\/\/www.ingenews.com.co\/en\/wp-json\/wp\/v2\/pages\/3317\/revisions\/4249"}],"wp:attachment":[{"href":"https:\/\/www.ingenews.com.co\/en\/wp-json\/wp\/v2\/media?parent=3317"}],"curies":[{"name":"wp","href":"https:\/\/api.w.org\/{rel}","templated":true}]}}