{"id":1428,"date":"2024-02-29T09:43:57","date_gmt":"2024-02-29T09:43:57","guid":{"rendered":"https:\/\/rrdevs.net\/demos\/wp\/optiboom\/?page_id=1428"},"modified":"2024-11-05T14:50:47","modified_gmt":"2024-11-05T19:50:47","slug":"servicios","status":"publish","type":"page","link":"https:\/\/www.ingenews.com.co\/en\/servicios\/","title":{"rendered":"Services"},"content":{"rendered":"<div data-elementor-type=\"wp-page\" data-elementor-id=\"1428\" class=\"elementor elementor-1428\" data-elementor-post-type=\"page\">\n\t\t\t\t<div class=\"elementor-element elementor-element-17ad44b e-flex e-con-boxed e-con e-parent\" data-id=\"17ad44b\" data-element_type=\"container\" data-e-type=\"container\" data-settings=\"{&quot;background_background&quot;:&quot;classic&quot;}\">\n\t\t\t\t\t<div class=\"e-con-inner\">\n\t\t\t\t<div class=\"elementor-element elementor-element-cdcf9eb elementor-widget elementor-widget-heading\" data-id=\"cdcf9eb\" data-element_type=\"widget\" data-e-type=\"widget\" data-widget_type=\"heading.default\">\n\t\t\t\t<div class=\"elementor-widget-container\">\n\t\t\t\t\t<h2 class=\"elementor-heading-title elementor-size-default\">Services<\/h2>\t\t\t\t<\/div>\n\t\t\t\t<\/div>\n\t\t\t\t\t<\/div>\n\t\t\t\t<\/div>\n\t\t<div class=\"elementor-element elementor-element-c3b1a97 e-con-full e-flex e-con e-parent\" data-id=\"c3b1a97\" data-element_type=\"container\" data-e-type=\"container\">\n\t\t\t\t<div class=\"elementor-element elementor-element-928cffe elementor-widget elementor-widget-optiboom_services\" data-id=\"928cffe\" data-element_type=\"widget\" data-e-type=\"widget\" data-widget_type=\"optiboom_services.default\">\n\t\t\t\t<div class=\"elementor-widget-container\">\n\t\t\t\t\t\r\n\r\n<section class=\"service-section pt-120\">\r\n    <div class=\"container\">\r\n        <div class=\"row justify-content-center gy-lg-0 gy-4\">\r\n                        <div class=\"col-lg-4 col-md-6\">\r\n                <div class=\"service-item text-center wow fade-in-bottom\" data-wow-delay=\"400ms\">\r\n                    <div class=\"service-icon\">\r\n                                                <img decoding=\"async\" class=\"img-fluid\" src=\"https:\/\/ingenews.com.co\/wp-content\/uploads\/2024\/08\/dominio.png\"\r\n                            alt=\"\">\r\n                                                                    <\/div>\r\n                    <div class=\"service-content\">\r\n                                                <h3 class=\"title\"><a\r\n                                href=\"https:\/\/www.ingenews.com.co\/en\/proyectos\/\">Landing Pages<\/a>\r\n                        <\/h3>\r\n                                                                        <p>Need a landing page for a campaign or an specific project? We can have your landing page up and running in less than a week! <\/p>\r\n                                            <\/div>\r\n                    <div class=\"service-btn\">\r\n                        <a href=\"https:\/\/www.ingenews.com.co\/en\/proyectos\/\"><i class=\"fa-solid fa-arrow-right\"><\/i><\/a>\r\n                    <\/div>\r\n                <\/div>\r\n            <\/div>\r\n                        <div class=\"col-lg-4 col-md-6\">\r\n                <div class=\"service-item text-center wow fade-in-bottom\" data-wow-delay=\"400ms\">\r\n                    <div class=\"service-icon\">\r\n                                                <img decoding=\"async\" class=\"img-fluid\" src=\"https:\/\/ingenews.com.co\/wp-content\/uploads\/2024\/08\/rango-de-pagina.png\"\r\n                            alt=\"\">\r\n                                                                    <\/div>\r\n                    <div class=\"service-content\">\r\n                                                <h3 class=\"title\"><a\r\n                                href=\"https:\/\/www.ingenews.com.co\/en\/proyectos\/\">Web sites<\/a>\r\n                        <\/h3>\r\n                                                                        <p>We create websites that are easy to manage on CMS platforms like WordPress, Joomla, or Drupal. From design to production, we assist you every step of the way. Your website can be ready in up to 10 days! <\/p>\r\n                                            <\/div>\r\n                    <div class=\"service-btn\">\r\n                        <a href=\"https:\/\/www.ingenews.com.co\/en\/proyectos\/\"><i class=\"fa-solid fa-arrow-right\"><\/i><\/a>\r\n                    <\/div>\r\n                <\/div>\r\n            <\/div>\r\n                        <div class=\"col-lg-4 col-md-6\">\r\n                <div class=\"service-item text-center wow fade-in-bottom\" data-wow-delay=\"400ms\">\r\n                    <div class=\"service-icon\">\r\n                                                <img decoding=\"async\" class=\"img-fluid\" src=\"https:\/\/ingenews.com.co\/wp-content\/uploads\/2024\/08\/calidad-de-la-pagina.png\"\r\n                            alt=\"\">\r\n                                                                    <\/div>\r\n                    <div class=\"service-content\">\r\n                                                <h3 class=\"title\"><a\r\n                                href=\"https:\/\/www.ingenews.com.co\/en\/proyectos\/\">Ecommerce<\/a>\r\n                        <\/h3>\r\n                                                                        <p>Ready to dive into online sales? We set up self-managed ecommerce sites on platforms like WooCommerce, Shopify, Vtex, or your preferred choice. We integrate with your selected payment gateways, and we can have everything ready in up to 15 days!\n <\/p>\r\n                                            <\/div>\r\n                    <div class=\"service-btn\">\r\n                        <a href=\"https:\/\/www.ingenews.com.co\/en\/proyectos\/\"><i class=\"fa-solid fa-arrow-right\"><\/i><\/a>\r\n                    <\/div>\r\n                <\/div>\r\n            <\/div>\r\n                        <div class=\"col-lg-4 col-md-6\">\r\n                <div class=\"service-item text-center wow fade-in-bottom\" data-wow-delay=\"400ms\">\r\n                    <div class=\"service-icon\">\r\n                                                <img decoding=\"async\" class=\"img-fluid\" src=\"https:\/\/ingenews.com.co\/wp-content\/uploads\/2024\/08\/app.png\"\r\n                            alt=\"\">\r\n                                                                    <\/div>\r\n                    <div class=\"service-content\">\r\n                                                <h3 class=\"title\"><a\r\n                                href=\"https:\/\/www.ingenews.com.co\/en\/proyectos\/\">Apps<\/a>\r\n                        <\/h3>\r\n                                                                        <p>We develop native apps with a focus on UX and UI to ensure the best user experience. <\/p>\r\n                                            <\/div>\r\n                    <div class=\"service-btn\">\r\n                        <a href=\"https:\/\/www.ingenews.com.co\/en\/proyectos\/\"><i class=\"fa-solid fa-arrow-right\"><\/i><\/a>\r\n                    <\/div>\r\n                <\/div>\r\n            <\/div>\r\n                        <div class=\"col-lg-4 col-md-6\">\r\n                <div class=\"service-item text-center wow fade-in-bottom\" data-wow-delay=\"400ms\">\r\n                    <div class=\"service-icon\">\r\n                                                <img decoding=\"async\" class=\"img-fluid\" src=\"https:\/\/ingenews.com.co\/wp-content\/uploads\/2024\/08\/esports.png\"\r\n                            alt=\"\">\r\n                                                                    <\/div>\r\n                    <div class=\"service-content\">\r\n                                                <h3 class=\"title\"><a\r\n                                href=\"https:\/\/www.ingenews.com.co\/en\/proyectos\/\">Games<\/a>\r\n                        <\/h3>\r\n                                                                        <p>We create custom games tailored to your needs or modify our existing games for your event. Rentals are also available  <\/p>\r\n                                            <\/div>\r\n                    <div class=\"service-btn\">\r\n                        <a href=\"https:\/\/www.ingenews.com.co\/en\/proyectos\/\"><i class=\"fa-solid fa-arrow-right\"><\/i><\/a>\r\n                    <\/div>\r\n                <\/div>\r\n            <\/div>\r\n                    <\/div>\r\n    <\/div>\r\n<\/section>\r\n\r\n\t\t\t\t<\/div>\n\t\t\t\t<\/div>\n\t\t\t\t<\/div>\n\t\t\t\t<\/div>","protected":false},"excerpt":{"rendered":"<p>Servicios Landings \u00bfNecesitas un sitio de aterrizaje para una campa\u00f1a o tienes una necesidad puntual y debes salir ya al aire? \u00a1Nuestros landings est\u00e1n listos en menos de una semana! Sitios web Creamos sitios web autogestionables sobre CMS como WordPress, Joomla o Drupal, te acompa\u00f1amos desde el dise\u00f1o hasta la puesta en producci\u00f3n. \u00a1Podr\u00e1s tenerlo [&hellip;]<\/p>\n","protected":false},"author":1,"featured_media":0,"parent":0,"menu_order":0,"comment_status":"closed","ping_status":"closed","template":"elementor_header_footer","meta":{"_joinchat":[],"footnotes":""},"class_list":["post-1428","page","type-page","status-publish","hentry"],"_links":{"self":[{"href":"https:\/\/www.ingenews.com.co\/en\/wp-json\/wp\/v2\/pages\/1428","targetHints":{"allow":["GET"]}}],"collection":[{"href":"https:\/\/www.ingenews.com.co\/en\/wp-json\/wp\/v2\/pages"}],"about":[{"href":"https:\/\/www.ingenews.com.co\/en\/wp-json\/wp\/v2\/types\/page"}],"author":[{"embeddable":true,"href":"https:\/\/www.ingenews.com.co\/en\/wp-json\/wp\/v2\/users\/1"}],"replies":[{"embeddable":true,"href":"https:\/\/www.ingenews.com.co\/en\/wp-json\/wp\/v2\/comments?post=1428"}],"version-history":[{"count":29,"href":"https:\/\/www.ingenews.com.co\/en\/wp-json\/wp\/v2\/pages\/1428\/revisions"}],"predecessor-version":[{"id":4162,"href":"https:\/\/www.ingenews.com.co\/en\/wp-json\/wp\/v2\/pages\/1428\/revisions\/4162"}],"wp:attachment":[{"href":"https:\/\/www.ingenews.com.co\/en\/wp-json\/wp\/v2\/media?parent=1428"}],"curies":[{"name":"wp","href":"https:\/\/api.w.org\/{rel}","templated":true}]}}